{"id":27,"date":"2025-02-16T13:12:16","date_gmt":"2025-02-16T12:12:16","guid":{"rendered":"https:\/\/timbercraft.pro\/?page_id=27"},"modified":"2025-02-16T13:12:16","modified_gmt":"2025-02-16T12:12:16","slug":"kontakt","status":"publish","type":"page","link":"https:\/\/timbercraft.pro\/?page_id=27","title":{"rendered":"Kontakt"},"content":{"rendered":"\n<div class=\"wp-block-group alignfull has-accent-3-background-color has-background is-vertical is-content-justification-center is-layout-flex wp-container-core-group-is-layout-623b1cb9 wp-block-group-is-layout-flex\" style=\"min-height:100vh;margin-top:0;margin-bottom:0;padding-top:var(--wp--preset--spacing--60);padding-right:var(--wp--preset--spacing--50);padding-bottom:var(--wp--preset--spacing--60);padding-left:var(--wp--preset--spacing--50)\">\n<div class=\"wp-block-group has-global-padding is-layout-constrained wp-block-group-is-layout-constrained\">\n<figure class=\"wp-block-image aligncenter size-full is-resized\"><img decoding=\"async\" src=\"https:\/\/timbercraft.pro\/wp-content\/themes\/twentytwentyfour\/assets\/images\/icon-message.webp\" alt=\"\" style=\"object-fit:cover;width:45px;height:49px\"\/><\/figure>\n\n\n\n<div style=\"height:var(--wp--preset--spacing--10)\" aria-hidden=\"true\" class=\"wp-block-spacer\"><\/div>\n\n\n\n<p>Email: kontakt@timbercraft.pro<\/p>\n\n\n\n<p>Telefon: 507 733 773<\/p>\n\n\n\n<h3 class=\"wp-block-heading has-medium-font-size\"><strong>KBWS \u00a0Sp. z o.o.\u00a0 ul. Felczaka 31\/3,\u00a071-411 Szczecin<\/strong><\/h3>\n\n\n\n<p>REGON:540675599 &nbsp;|&nbsp; NIP:8513324250 &nbsp;|&nbsp; KRS:0001150167 &nbsp;|&nbsp; S\u0105d Rejonowy Szczecin-CentrumXIII Wydzia\u0142 Gospodarczy Krajowego Rejestru S\u0105dowego&nbsp; |&nbsp; Kapita\u0142 zak\u0142adowy 20.000 PLN wp\u0142acony w ca\u0142o\u015bci<\/p>\n<\/div>\n<\/div>\n","protected":false},"excerpt":{"rendered":"<p>Email: kontakt@timbercraft.pro Telefon: 507 733 773 KBWS \u00a0Sp. z o.o.\u00a0 ul. Felczaka 31\/3,\u00a071-411 Szczecin REGON:540675599 &nbsp;|&nbsp; NIP:8513324250 &nbsp;|&nbsp; KRS:0001150167 &nbsp;|&nbsp; S\u0105d Rejonowy Szczecin-CentrumXIII Wydzia\u0142 Gospodarczy Krajowego Rejestru S\u0105dowego&nbsp; |&nbsp; Kapita\u0142 zak\u0142adowy 20.000 PLN wp\u0142acony w ca\u0142o\u015bci<\/p>\n","protected":false},"author":1,"featured_media":0,"parent":0,"menu_order":0,"comment_status":"closed","ping_status":"closed","template":"","meta":{"footnotes":""},"class_list":["post-27","page","type-page","status-publish","hentry"],"_links":{"self":[{"href":"https:\/\/timbercraft.pro\/index.php?rest_route=\/wp\/v2\/pages\/27","targetHints":{"allow":["GET"]}}],"collection":[{"href":"https:\/\/timbercraft.pro\/index.php?rest_route=\/wp\/v2\/pages"}],"about":[{"href":"https:\/\/timbercraft.pro\/index.php?rest_route=\/wp\/v2\/types\/page"}],"author":[{"embeddable":true,"href":"https:\/\/timbercraft.pro\/index.php?rest_route=\/wp\/v2\/users\/1"}],"replies":[{"embeddable":true,"href":"https:\/\/timbercraft.pro\/index.php?rest_route=%2Fwp%2Fv2%2Fcomments&post=27"}],"version-history":[{"count":1,"href":"https:\/\/timbercraft.pro\/index.php?rest_route=\/wp\/v2\/pages\/27\/revisions"}],"predecessor-version":[{"id":29,"href":"https:\/\/timbercraft.pro\/index.php?rest_route=\/wp\/v2\/pages\/27\/revisions\/29"}],"wp:attachment":[{"href":"https:\/\/timbercraft.pro\/index.php?rest_route=%2Fwp%2Fv2%2Fmedia&parent=27"}],"curies":[{"name":"wp","href":"https:\/\/api.w.org\/{rel}","templated":true}]}}