{"id":7,"date":"2025-02-16T12:19:24","date_gmt":"2025-02-16T11:19:24","guid":{"rendered":"https:\/\/timbercraft.pro\/?page_id=7"},"modified":"2025-02-16T12:19:24","modified_gmt":"2025-02-16T11:19:24","slug":"timber-craft-designs","status":"publish","type":"page","link":"https:\/\/timbercraft.pro\/","title":{"rendered":"Timber Craft Designs"},"content":{"rendered":"\n<div class=\"wp-block-group alignwide has-global-padding is-layout-constrained wp-container-core-group-is-layout-490fa1db wp-block-group-is-layout-constrained\" style=\"padding-top:var(--wp--preset--spacing--50);padding-right:var(--wp--preset--spacing--50);padding-bottom:var(--wp--preset--spacing--50);padding-left:var(--wp--preset--spacing--50)\">\n<div class=\"wp-block-group has-global-padding is-layout-constrained wp-container-core-group-is-layout-650790e1 wp-block-group-is-layout-constrained\">\n<h1 class=\"wp-block-heading has-text-align-center has-x-large-font-size\">Zaanga\u017cowanie w innowacyjno\u015b\u0107 i zr\u00f3wnowa\u017cony rozw\u00f3j<\/h1>\n\n\n\n<div style=\"height:1.25rem\" aria-hidden=\"true\" class=\"wp-block-spacer\"><\/div>\n\n\n\n<p class=\"has-text-align-center\">Timber Craft Designs to pionierska firma, kt\u00f3ra p\u0142ynnie \u0142\u0105czy kreatywno\u015b\u0107 i funkcjonalno\u015b\u0107, aby na nowo zdefiniowa\u0107 doskona\u0142o\u015b\u0107 architektoniczn\u0105.<\/p>\n\n\n\n<div style=\"height:1.25rem\" aria-hidden=\"true\" class=\"wp-block-spacer\"><\/div>\n\n\n\n<div class=\"wp-block-buttons is-content-justification-center is-layout-flex wp-container-core-buttons-is-layout-a89b3969 wp-block-buttons-is-layout-flex\"><\/div>\n<\/div>\n\n\n\n<div style=\"height:var(--wp--preset--spacing--30)\" aria-hidden=\"true\" class=\"wp-block-spacer\"><\/div>\n\n\n\n<figure class=\"wp-block-gallery alignwide has-nested-images columns-default is-cropped wp-block-gallery-2 is-layout-flex wp-block-gallery-is-layout-flex\">\n<figure class=\"wp-block-image size-full is-style-rounded is-style-rounded--1\"><img loading=\"lazy\" decoding=\"async\" width=\"2048\" height=\"1536\" data-id=\"13\" src=\"https:\/\/timbercraft.pro\/wp-content\/uploads\/2025\/02\/image-2-3.jpg\" alt=\"Timber Craft Designs domy szkieletowe, altany i architektura drewniana\" class=\"wp-image-13\" srcset=\"https:\/\/timbercraft.pro\/wp-content\/uploads\/2025\/02\/image-2-3.jpg 2048w, https:\/\/timbercraft.pro\/wp-content\/uploads\/2025\/02\/image-2-3-300x225.jpg 300w, https:\/\/timbercraft.pro\/wp-content\/uploads\/2025\/02\/image-2-3-1024x768.jpg 1024w, https:\/\/timbercraft.pro\/wp-content\/uploads\/2025\/02\/image-2-3-768x576.jpg 768w, https:\/\/timbercraft.pro\/wp-content\/uploads\/2025\/02\/image-2-3-1536x1152.jpg 1536w\" sizes=\"auto, (max-width: 2048px) 100vw, 2048px\" \/><\/figure>\n<\/figure>\n<\/div>\n\n\n\n<div class=\"wp-block-group alignfull has-base-2-background-color has-background has-global-padding is-layout-constrained wp-container-core-group-is-layout-669513ed wp-block-group-is-layout-constrained\" style=\"margin-top:0;margin-bottom:0;padding-top:var(--wp--preset--spacing--50);padding-right:var(--wp--preset--spacing--50);padding-bottom:var(--wp--preset--spacing--50);padding-left:var(--wp--preset--spacing--50)\">\n<div class=\"wp-block-group is-vertical is-content-justification-center is-layout-flex wp-container-core-group-is-layout-52b864f0 wp-block-group-is-layout-flex\">\n<h2 class=\"wp-block-heading has-text-align-center is-style-asterisk\">Pasja do tworzenia przestrzeni z drewna.<\/h2>\n\n\n\n<div style=\"height:0px\" aria-hidden=\"true\" class=\"wp-block-spacer wp-container-content-4f2ccadb\"><\/div>\n\n\n\n<p class=\"has-text-align-center\"><br><\/p>\n\n\n\n<p class=\"has-text-align-center\">Nasza kompleksowa oferta us\u0142ug profesjonalnych skierowana jest do szerokiego grona klient\u00f3w, od w\u0142a\u015bcicieli ogrod\u00f3w i dom\u00f3w po deweloper\u00f3w komercyjnych.<\/p>\n<\/div>\n\n\n\n<div style=\"margin-top:0;margin-bottom:0;height:var(--wp--preset--spacing--40)\" aria-hidden=\"true\" class=\"wp-block-spacer\"><\/div>\n\n\n\n<div class=\"wp-block-columns alignwide is-layout-flex wp-container-core-columns-is-layout-d0bbbce0 wp-block-columns-is-layout-flex\">\n<div class=\"wp-block-column is-layout-flow wp-container-core-column-is-layout-e3d1c41b wp-block-column-is-layout-flow\">\n<h3 class=\"wp-block-heading has-text-align-left is-style-asterisk has-body-font-family has-medium-font-size\" style=\"font-style:normal;font-weight:600\">Renowacja i odnawianie<\/h3>\n\n\n\n<p class=\"has-text-align-left\">Do\u015bwiadcz po\u0142\u0105czenia wyobra\u017ani i do\u015bwiadczenia z Timber Craft Designs. Z rado\u015bci\u0105 zajmiemy si\u0119 odnowieniem lub napraw\u0105 twoich konstrukcji drewnianych. odpowiednia konserwacja zapewni im d\u0142ugowieczno\u015b\u0107.<\/p>\n<\/div>\n\n\n\n<div class=\"wp-block-column is-layout-flow wp-container-core-column-is-layout-e3d1c41b wp-block-column-is-layout-flow\">\n<h3 class=\"wp-block-heading has-text-align-left is-style-asterisk has-body-font-family has-medium-font-size\" style=\"font-style:normal;font-weight:600\">Ci\u0105g\u0142e wsparcie<\/h3>\n\n\n\n<p class=\"has-text-align-left\">Klientom oferujemy wsparcie ju\u017c na etapie projektowania by unikn\u0105\u0107 problem\u00f3w lub wybra\u0107 najlepsze rozwi\u0105zania. Przez ca\u0142y czas inwestycji a nawet po jej zako\u0144czeniu jeste\u015bmy do waszej dyspozycji.<\/p>\n<\/div>\n<\/div>\n\n\n\n<div style=\"height:var(--wp--preset--spacing--20)\" aria-hidden=\"true\" class=\"wp-block-spacer\"><\/div>\n\n\n\n<div class=\"wp-block-columns is-layout-flex wp-container-core-columns-is-layout-d0bbbce0 wp-block-columns-is-layout-flex\">\n<div class=\"wp-block-column is-layout-flow wp-container-core-column-is-layout-e3d1c41b wp-block-column-is-layout-flow\">\n<h3 class=\"wp-block-heading has-text-align-left is-style-asterisk has-body-font-family has-medium-font-size\" style=\"font-style:normal;font-weight:600\">Rozwi\u0105zania architektoniczne<\/h3>\n\n\n\n<p class=\"has-text-align-left\"><br>Z r\u00f3wn\u0105 pasj\u0105 tworzymy \u0142awki czy w\u0119dzarnie do ogrodu, altany jak i domy w technologii szkieletowej. Ka\u017cdy projekt to dla nas kolejna przygoda, gdzie nasze zaanga\u017cowanie i kreatywno\u015b\u0107 spotykaj\u0105 si\u0119, aby przemieni\u0107 ka\u017cd\u0105 przestrze\u0144 w co\u015b wyj\u0105tkowego. Niezale\u017cnie od tego, czy to ma\u0142a \u0142awka do relaksu, czy du\u017cy dom rodzinny, naszym celem jest dostarczenie produkt\u00f3w najwy\u017cszej jako\u015bci, kt\u00f3re b\u0119d\u0105 s\u0142u\u017cy\u0107 przez lata. Ka\u017cdy element jest starannie zaprojektowany i wykonany z uwzgl\u0119dnieniem indywidualnych potrzeb klienta, zapewniaj\u0105c, \u017ce ka\u017cdy projekt jest unikalny i dostosowany do specyficznych wymaga\u0144. Do\u0142\u0105cz do nas w tej podr\u00f3\u017cy pe\u0142nej innowacji i rzemios\u0142a, gdzie ka\u017cdy projekt to nowa opowie\u015b\u0107 o pasji do architektury i designu.<\/p>\n<\/div>\n<\/div>\n<\/div>\n\n\n\n<div class=\"wp-block-group alignfull has-base-color has-contrast-background-color has-text-color has-background has-global-padding is-layout-constrained wp-container-core-group-is-layout-ef3d885c wp-block-group-is-layout-constrained\" style=\"margin-top:0;margin-bottom:0;padding-top:var(--wp--preset--spacing--60);padding-right:var(--wp--preset--spacing--60);padding-bottom:var(--wp--preset--spacing--60);padding-left:var(--wp--preset--spacing--60)\"><\/div>\n","protected":false},"excerpt":{"rendered":"<p>Zaanga\u017cowanie w innowacyjno\u015b\u0107 i zr\u00f3wnowa\u017cony rozw\u00f3j Timber Craft Designs to pionierska firma, kt\u00f3ra p\u0142ynnie \u0142\u0105czy kreatywno\u015b\u0107 i funkcjonalno\u015b\u0107, aby na nowo zdefiniowa\u0107 doskona\u0142o\u015b\u0107 architektoniczn\u0105. Pasja do tworzenia przestrzeni z drewna. Nasza kompleksowa oferta us\u0142ug profesjonalnych skierowana jest do szerokiego grona klient\u00f3w, od w\u0142a\u015bcicieli ogrod\u00f3w i dom\u00f3w po deweloper\u00f3w komercyjnych. Renowacja i odnawianie Do\u015bwiadcz po\u0142\u0105czenia wyobra\u017ani [&hellip;]<\/p>\n","protected":false},"author":1,"featured_media":0,"parent":0,"menu_order":0,"comment_status":"closed","ping_status":"closed","template":"","meta":{"footnotes":""},"class_list":["post-7","page","type-page","status-publish","hentry"],"_links":{"self":[{"href":"https:\/\/timbercraft.pro\/index.php?rest_route=\/wp\/v2\/pages\/7","targetHints":{"allow":["GET"]}}],"collection":[{"href":"https:\/\/timbercraft.pro\/index.php?rest_route=\/wp\/v2\/pages"}],"about":[{"href":"https:\/\/timbercraft.pro\/index.php?rest_route=\/wp\/v2\/types\/page"}],"author":[{"embeddable":true,"href":"https:\/\/timbercraft.pro\/index.php?rest_route=\/wp\/v2\/users\/1"}],"replies":[{"embeddable":true,"href":"https:\/\/timbercraft.pro\/index.php?rest_route=%2Fwp%2Fv2%2Fcomments&post=7"}],"version-history":[{"count":4,"href":"https:\/\/timbercraft.pro\/index.php?rest_route=\/wp\/v2\/pages\/7\/revisions"}],"predecessor-version":[{"id":16,"href":"https:\/\/timbercraft.pro\/index.php?rest_route=\/wp\/v2\/pages\/7\/revisions\/16"}],"wp:attachment":[{"href":"https:\/\/timbercraft.pro\/index.php?rest_route=%2Fwp%2Fv2%2Fmedia&parent=7"}],"curies":[{"name":"wp","href":"https:\/\/api.w.org\/{rel}","templated":true}]}}